{"id":146,"date":"2025-06-05T04:15:56","date_gmt":"2025-06-05T04:15:56","guid":{"rendered":"https:\/\/terapiasmaestras.mx\/?post_type=product&#038;p=146"},"modified":"2026-04-15T16:52:25","modified_gmt":"2026-04-15T22:52:25","slug":"sincrometro","status":"publish","type":"product","link":"https:\/\/terapiasmaestras.mx\/index.php\/producto\/sincrometro\/","title":{"rendered":"SINCROMETRO"},"content":{"rendered":"<p>El <strong data-start=\"293\" data-end=\"309\">Sincrometro<\/strong> es un dispositivo desarrollado por la Dra. Hulda Clark para detectar la presencia de contaminantes, microorganismos y sustancias t\u00f3xicas en el cuerpo mediante la resonancia bioel\u00e9ctrica. Esta herramienta es clave en los protocolos de medicina alternativa y desintoxicaci\u00f3n profunda.<\/p>\n","protected":false},"excerpt":{"rendered":"<p>SINCROMETRO HULDA CLARK<\/p>\n","protected":false},"featured_media":147,"comment_status":"closed","ping_status":"closed","template":"","meta":{"_monsterinsights_skip_tracking":false,"_monsterinsights_sitenote_active":false,"_monsterinsights_sitenote_note":"","_monsterinsights_sitenote_category":0},"product_brand":[],"product_cat":[17],"product_tag":[20],"class_list":{"0":"post-146","1":"product","2":"type-product","3":"status-publish","4":"has-post-thumbnail","6":"product_cat-terapia-clark","7":"product_tag-hulda-clark","9":"first","10":"instock","11":"sale","12":"taxable","13":"shipping-taxable","14":"purchasable","15":"product-type-simple"},"aioseo_notices":[],"jetpack_sharing_enabled":true,"_links":{"self":[{"href":"https:\/\/terapiasmaestras.mx\/index.php\/wp-json\/wp\/v2\/product\/146","targetHints":{"allow":["GET"]}}],"collection":[{"href":"https:\/\/terapiasmaestras.mx\/index.php\/wp-json\/wp\/v2\/product"}],"about":[{"href":"https:\/\/terapiasmaestras.mx\/index.php\/wp-json\/wp\/v2\/types\/product"}],"replies":[{"embeddable":true,"href":"https:\/\/terapiasmaestras.mx\/index.php\/wp-json\/wp\/v2\/comments?post=146"}],"wp:featuredmedia":[{"embeddable":true,"href":"https:\/\/terapiasmaestras.mx\/index.php\/wp-json\/wp\/v2\/media\/147"}],"wp:attachment":[{"href":"https:\/\/terapiasmaestras.mx\/index.php\/wp-json\/wp\/v2\/media?parent=146"}],"wp:term":[{"taxonomy":"product_brand","embeddable":true,"href":"https:\/\/terapiasmaestras.mx\/index.php\/wp-json\/wp\/v2\/product_brand?post=146"},{"taxonomy":"product_cat","embeddable":true,"href":"https:\/\/terapiasmaestras.mx\/index.php\/wp-json\/wp\/v2\/product_cat?post=146"},{"taxonomy":"product_tag","embeddable":true,"href":"https:\/\/terapiasmaestras.mx\/index.php\/wp-json\/wp\/v2\/product_tag?post=146"}],"curies":[{"name":"wp","href":"https:\/\/api.w.org\/{rel}","templated":true}]}}